{"id":15392,"date":"2022-11-17T13:11:13","date_gmt":"2022-11-17T11:11:13","guid":{"rendered":"http:\/\/www.14u.gr\/?post_type=product&#038;p=15392"},"modified":"2022-11-18T18:04:04","modified_gmt":"2022-11-18T16:04:04","slug":"design-house-stockholm-knot-cushion","status":"publish","type":"product","link":"https:\/\/www.14u.gr\/en\/product\/design-house-stockholm-knot-cushion\/","title":{"rendered":"Design House Stockholm Knot Cushion"},"content":{"rendered":"<p><strong>Designer: <\/strong>Ragnhei\u00f0ur \u00d6sp Sigur\u00f0ard\u00f3ttir<strong><br \/>\nDimensions : <\/strong>Regular: W30 \u00d7 D30 \u00d7 H15 cm<br \/>\n<strong>Material: <\/strong>White\/Grey, Khaki, Cream &amp; Forest Green: 50% wool, 50% acrylic. Other colours: 30% wool, 70% acrylic. Filling: 100% polyester.<br \/>\n<strong>Product weight (g): <\/strong>650 g<br \/>\n<strong>Care instructions: <\/strong>Hand wash cold (30\u00b0C) with similar colours, dry flat.<br \/>\n<strong>Other info: <\/strong>Cushion is handmade.<\/p>\n","protected":false},"excerpt":{"rendered":"<div class=\"\">A cashion with an unique character, based on sculptural form instead of patterns.<br \/>\nKnot is made from a knitted tube, several meters in length, which is then tied up to create a compact knot which is as comfortable as a support in the sofa as it is elegant to behold.<br \/>\nThanks to its strong design, Ragnhei\u00f0ur \u00d6sp Sigur\u00f0ard\u00f3ttir\u2019s Knot cushion belongs to the exclusive group of products that remain in one\u2019s memory.<\/div>\n<div class=\"\"><\/div>\n","protected":false},"featured_media":15465,"comment_status":"open","ping_status":"closed","template":"","meta":[],"product_cat":[50],"product_tag":[3000,2402,305,2401,2400,2447,2999,521,383],"class_list":["post-15392","product","type-product","status-publish","has-post-thumbnail","hentry","product_cat-decoration-items","product_tag-cushion","product_tag-design","product_tag-exclusive","product_tag-home","product_tag-home-accessories","product_tag-interior","product_tag-knot","product_tag-quality","product_tag-style"],"yoast_head":"<!-- This site is optimized with the Yoast SEO Premium plugin v15.8.2 - https:\/\/yoast.com\/wordpress\/plugins\/seo\/ -->\n<title>Design House Stockholm Knot Cushion | 14U<\/title>\n<meta name=\"description\" content=\"Knot is made from a knitted tube, several meters in length, which is then tied up to create a compact knot which is as comfortable as a support in the sofa as it is elegant to behold.\" \/>\n<meta name=\"robots\" content=\"index, follow, max-snippet:-1, max-image-preview:large, max-video-preview:-1\" \/>\n<link rel=\"canonical\" href=\"https:\/\/www.14u.gr\/en\/product\/design-house-stockholm-knot-cushion\/\" \/>\n<meta property=\"og:locale\" content=\"en_US\" \/>\n<meta property=\"og:type\" content=\"article\" \/>\n<meta property=\"og:title\" content=\"Design House Stockholm Knot Cushion\" \/>\n<meta property=\"og:description\" content=\"A cashion with an unique character, based on sculptural form instead of patterns.Knot is made from a knitted tube, several meters in length, which is then tied up to create a compact knot which is as comfortable as a support in the sofa as it is elegant to behold.Thanks to its strong design, Ragnhei\u00f0ur \u00d6sp Sigur\u00f0ard\u00f3ttir\u2019s Knot cushion belongs to the exclusive group of products that remain in one\u2019s memory.\" \/>\n<meta property=\"og:url\" content=\"https:\/\/www.14u.gr\/en\/product\/design-house-stockholm-knot-cushion\/\" \/>\n<meta property=\"og:site_name\" content=\"14U\" \/>\n<meta property=\"article:modified_time\" content=\"2022-11-18T16:04:04+00:00\" \/>\n<meta property=\"og:image\" content=\"https:\/\/www.14u.gr\/wp-content\/uploads\/2022\/11\/M120.03-Five-Star-14u-Clothes-Accessories-man-woman-unisex-handmade-classic-neck-t-shirt-black-swarovski-stamp-print-logo-greek-brand-product-new-fresh-quality-lux-luxury-exclusive-limited-edition-social.jpg\" \/>\n\t<meta property=\"og:image:width\" content=\"1000\" \/>\n\t<meta property=\"og:image:height\" content=\"500\" \/>\n<meta name=\"twitter:card\" content=\"summary_large_image\" \/>\n<meta name=\"twitter:title\" content=\"Design House Stockholm Knot Cushion\" \/>\n<meta name=\"twitter:description\" content=\"A cashion with an unique character, based on sculptural form instead of patterns.Knot is made from a knitted tube, several meters in length, which is then tied up to create a compact knot which is as comfortable as a support in the sofa as it is elegant to behold.Thanks to its strong design, Ragnhei\u00f0ur \u00d6sp Sigur\u00f0ard\u00f3ttir\u2019s Knot cushion belongs to the exclusive group of products that remain in one\u2019s memory.\" \/>\n<meta name=\"twitter:label1\" content=\"Est. reading time\">\n\t<meta name=\"twitter:data1\" content=\"1 minute\">\n<script type=\"application\/ld+json\" class=\"yoast-schema-graph\">{\"@context\":\"https:\/\/schema.org\",\"@graph\":[{\"@type\":\"Organization\",\"@id\":\"https:\/\/www.14u.gr\/en\/#organization\",\"name\":\"1.4.U\\u00ae Official Site\",\"url\":\"https:\/\/www.14u.gr\/en\/\",\"sameAs\":[],\"logo\":{\"@type\":\"ImageObject\",\"@id\":\"https:\/\/www.14u.gr\/en\/#logo\",\"inLanguage\":\"en-US\",\"url\":\"https:\/\/www.14u.gr\/wp-content\/uploads\/2020\/04\/1.4.U-theme-logo.png\",\"width\":150,\"height\":41,\"caption\":\"1.4.U\\u00ae Official Site\"},\"image\":{\"@id\":\"https:\/\/www.14u.gr\/en\/#logo\"}},{\"@type\":\"WebSite\",\"@id\":\"https:\/\/www.14u.gr\/en\/#website\",\"url\":\"https:\/\/www.14u.gr\/en\/\",\"name\":\"14U\",\"description\":\"1.4.U Hellenic, Greek, Fashion, Brand, Handmade, Womens, Mens, Clothes, Accessories, Kids, Home\",\"publisher\":{\"@id\":\"https:\/\/www.14u.gr\/en\/#organization\"},\"potentialAction\":[{\"@type\":\"SearchAction\",\"target\":\"https:\/\/www.14u.gr\/en\/?s={search_term_string}\",\"query-input\":\"required name=search_term_string\"}],\"inLanguage\":\"en-US\"},{\"@type\":\"ImageObject\",\"@id\":\"https:\/\/www.14u.gr\/en\/product\/design-house-stockholm-knot-cushion\/#primaryimage\",\"inLanguage\":\"en-US\",\"url\":\"https:\/\/www.14u.gr\/wp-content\/uploads\/2022\/11\/14U-Greek-Brand-Clothes-Accessories-Gifts-Design-House-Stockholm-2351-5200-Knot-Cushion-lilac-Packshot-2.jpg\",\"width\":1000,\"height\":1000,\"caption\":\"14U-Greek-Brand-Clothes-Accessories-Gifts-Design-House-Stockholm-2351-5200-Knot-Cushion-lilac-Packshot\"},{\"@type\":\"WebPage\",\"@id\":\"https:\/\/www.14u.gr\/en\/product\/design-house-stockholm-knot-cushion\/#webpage\",\"url\":\"https:\/\/www.14u.gr\/en\/product\/design-house-stockholm-knot-cushion\/\",\"name\":\"Design House Stockholm Knot Cushion | 14U\",\"isPartOf\":{\"@id\":\"https:\/\/www.14u.gr\/en\/#website\"},\"primaryImageOfPage\":{\"@id\":\"https:\/\/www.14u.gr\/en\/product\/design-house-stockholm-knot-cushion\/#primaryimage\"},\"datePublished\":\"2022-11-17T11:11:13+00:00\",\"dateModified\":\"2022-11-18T16:04:04+00:00\",\"description\":\"Knot is made from a knitted tube, several meters in length, which is then tied up to create a compact knot which is as comfortable as a support in the sofa as it is elegant to behold.\",\"breadcrumb\":{\"@id\":\"https:\/\/www.14u.gr\/en\/product\/design-house-stockholm-knot-cushion\/#breadcrumb\"},\"inLanguage\":\"en-US\",\"potentialAction\":[{\"@type\":\"ReadAction\",\"target\":[\"https:\/\/www.14u.gr\/en\/product\/design-house-stockholm-knot-cushion\/\"]}]},{\"@type\":\"BreadcrumbList\",\"@id\":\"https:\/\/www.14u.gr\/en\/product\/design-house-stockholm-knot-cushion\/#breadcrumb\",\"itemListElement\":[{\"@type\":\"ListItem\",\"position\":1,\"item\":{\"@type\":\"WebPage\",\"@id\":\"https:\/\/www.14u.gr\/en\/\",\"url\":\"https:\/\/www.14u.gr\/en\/\",\"name\":\"Home\"}},{\"@type\":\"ListItem\",\"position\":2,\"item\":{\"@type\":\"WebPage\",\"@id\":\"https:\/\/www.14u.gr\/%ce%ba%ce%b1%cf%84%ce%ac%cf%83%cf%84%ce%b7%ce%bc%ce%b1\/\",\"url\":\"https:\/\/www.14u.gr\/%ce%ba%ce%b1%cf%84%ce%ac%cf%83%cf%84%ce%b7%ce%bc%ce%b1\/\",\"name\":\"\\u039a\\u03b1\\u03c4\\u03ac\\u03c3\\u03c4\\u03b7\\u03bc\\u03b1\"}},{\"@type\":\"ListItem\",\"position\":3,\"item\":{\"@type\":\"WebPage\",\"@id\":\"https:\/\/www.14u.gr\/en\/product\/design-house-stockholm-knot-cushion\/\",\"url\":\"https:\/\/www.14u.gr\/en\/product\/design-house-stockholm-knot-cushion\/\",\"name\":\"Design House Stockholm Knot Cushion\"}}]}]}<\/script>\n<!-- \/ Yoast SEO Premium plugin. -->","_links":{"self":[{"href":"https:\/\/www.14u.gr\/en\/wp-json\/wp\/v2\/product\/15392","targetHints":{"allow":["GET"]}}],"collection":[{"href":"https:\/\/www.14u.gr\/en\/wp-json\/wp\/v2\/product"}],"about":[{"href":"https:\/\/www.14u.gr\/en\/wp-json\/wp\/v2\/types\/product"}],"replies":[{"embeddable":true,"href":"https:\/\/www.14u.gr\/en\/wp-json\/wp\/v2\/comments?post=15392"}],"wp:featuredmedia":[{"embeddable":true,"href":"https:\/\/www.14u.gr\/en\/wp-json\/wp\/v2\/media\/15465"}],"wp:attachment":[{"href":"https:\/\/www.14u.gr\/en\/wp-json\/wp\/v2\/media?parent=15392"}],"wp:term":[{"taxonomy":"product_cat","embeddable":true,"href":"https:\/\/www.14u.gr\/en\/wp-json\/wp\/v2\/product_cat?post=15392"},{"taxonomy":"product_tag","embeddable":true,"href":"https:\/\/www.14u.gr\/en\/wp-json\/wp\/v2\/product_tag?post=15392"}],"curies":[{"name":"wp","href":"https:\/\/api.w.org\/{rel}","templated":true}]}}