{"id":15504,"date":"2022-11-17T17:20:56","date_gmt":"2022-11-17T15:20:56","guid":{"rendered":"http:\/\/www.14u.gr\/?post_type=product&#038;p=15504"},"modified":"2022-11-18T18:04:45","modified_gmt":"2022-11-18T16:04:45","slug":"design-house-stockholm-knot-cushion-pouffe","status":"publish","type":"product","link":"https:\/\/www.14u.gr\/en\/product\/design-house-stockholm-knot-cushion-pouffe\/","title":{"rendered":"Design House Stockholm Knot Cushion Pouffe"},"content":{"rendered":"<p><strong>Designer: <\/strong>Ragnhei\u00f0ur \u00d6sp Sigur\u00f0ard\u00f3ttir<strong><br \/>\nDimensions : <\/strong>XL &#8211; Pouffee: W600 \u00d7 D800 \u00d7 H500 cm<br \/>\n<strong>Material:<\/strong> Forest Green: 50% wool, 50% acrylic. Other colours: 30% wool, 70% acrylic. Filling: 100% polyester.<br \/>\n<strong>Product weight (g): <\/strong>13.5 kg<br \/>\n<strong>Care instructions: <\/strong>Hand wash cold (30\u00b0C) with similar colours, dry flat. Cushion is handmade.<br \/>\n<strong>Other info: <\/strong>Cushion is handmade.<\/p>\n<p><strong>Available upon Order in 10-20 Days<\/strong><\/p>\n","protected":false},"excerpt":{"rendered":"<p>Knot XL by Ragnheidur Sigursdottir is a fantasy form taking its inspiration in the making of knots, knitting, exploring sculptural forms instead of ordinary patterns.<br \/>\nBorn in part as a try to manufacture rather than crocheting legs for a teddy bear, the original Knot cushion became a homey art gallery piece.<br \/>\nThe XL version is even more: a new seating typology that adapt to everyone, and a perfect possibility to sit at the same levels as the very small kids.<br \/>\nLean on it, sit on it, relax on it, and let Knot XL break hierarchies when engaging in conversation.<br \/>\nLet it replace or complement any sofa or lounge chair, a laid-back furniture piece at home, in a vibrant office, and in any informal public space.<br \/>\nAnd when not in use, let it stand out as a sculpture. You can even use it for yoga, one of Ragnheidurs favourite personal uses.<\/p>\n<p><strong>Available upon Order in 10-20 Days<\/strong><\/p>\n","protected":false},"featured_media":15524,"comment_status":"open","ping_status":"closed","template":"","meta":[],"product_cat":[50],"product_tag":[2406,2402,305,2401,2400,2447,2999,3004,521,383],"class_list":["post-15504","product","type-product","status-publish","has-post-thumbnail","hentry","product_cat-decoration-items","product_tag-decoration","product_tag-design","product_tag-exclusive","product_tag-home","product_tag-home-accessories","product_tag-interior","product_tag-knot","product_tag-poufe","product_tag-quality","product_tag-style"],"yoast_head":"<!-- This site is optimized with the Yoast SEO Premium plugin v15.8.2 - https:\/\/yoast.com\/wordpress\/plugins\/seo\/ -->\n<title>Design House Stockholm Knot Cushion Pouffe | 14U<\/title>\n<meta name=\"description\" content=\"Knot XL by Ragnheidur Sigursdottir is a fantasy form taking its inspiration in the making of knots, knitting, exploring sculptural forms instead of ordinary patterns.\" \/>\n<meta name=\"robots\" content=\"index, follow, max-snippet:-1, max-image-preview:large, max-video-preview:-1\" \/>\n<link rel=\"canonical\" href=\"https:\/\/www.14u.gr\/en\/product\/design-house-stockholm-knot-cushion-pouffe\/\" \/>\n<meta property=\"og:locale\" content=\"en_US\" \/>\n<meta property=\"og:type\" content=\"article\" \/>\n<meta property=\"og:title\" content=\"Design House Stockholm Knot Cushion Pouffe\" \/>\n<meta property=\"og:description\" content=\"Knot XL by Ragnheidur Sigursdottir is a fantasy form taking its inspiration in the making of knots, knitting, exploring sculptural forms instead of ordinary patterns.Born in part as a try to manufacture rather than crocheting legs for a teddy bear, the original Knot cushion became a homey art gallery piece.The XL version is even more: a new seating typology that adapt to everyone, and a perfect possibility to sit at the same levels as the very small kids. Lean on it, sit on it, relax on it, and let Knot XL break hierarchies when engaging in conversation.Let it replace or complement any sofa or lounge chair, a laid-back furniture piece at home, in a vibrant office, and in any informal public space.And when not in use, let it stand out as a sculpture. You can even use it for yoga, one of Ragnheidurs favourite personal uses.\" \/>\n<meta property=\"og:url\" content=\"https:\/\/www.14u.gr\/en\/product\/design-house-stockholm-knot-cushion-pouffe\/\" \/>\n<meta property=\"og:site_name\" content=\"14U\" \/>\n<meta property=\"article:modified_time\" content=\"2022-11-18T16:04:45+00:00\" \/>\n<meta property=\"og:image\" content=\"https:\/\/www.14u.gr\/wp-content\/uploads\/2022\/11\/14U-Greek-Brand-Clothes-Accessories-Gifts-Design-House-Stockholm-Knot-Cushion-XL-Pouffe-Bordeaux-Packshot-Social.jpg\" \/>\n\t<meta property=\"og:image:width\" content=\"1000\" \/>\n\t<meta property=\"og:image:height\" content=\"500\" \/>\n<meta name=\"twitter:card\" content=\"summary_large_image\" \/>\n<meta name=\"twitter:title\" content=\"Design House Stockholm Knot Cushion Pouffe\" \/>\n<meta name=\"twitter:description\" content=\"Knot XL by Ragnheidur Sigursdottir is a fantasy form taking its inspiration in the making of knots, knitting, exploring sculptural forms instead of ordinary patterns.Born in part as a try to manufacture rather than crocheting legs for a teddy bear, the original Knot cushion became a homey art gallery piece.The XL version is even more: a new seating typology that adapt to everyone, and a perfect possibility to sit at the same levels as the very small kids. Lean on it, sit on it, relax on it, and let Knot XL break hierarchies when engaging in conversation.Let it replace or complement any sofa or lounge chair, a laid-back furniture piece at home, in a vibrant office, and in any informal public space.And when not in use, let it stand out as a sculpture. You can even use it for yoga, one of Ragnheidurs favourite personal uses.\" \/>\n<meta name=\"twitter:label1\" content=\"Est. reading time\">\n\t<meta name=\"twitter:data1\" content=\"1 minute\">\n<script type=\"application\/ld+json\" class=\"yoast-schema-graph\">{\"@context\":\"https:\/\/schema.org\",\"@graph\":[{\"@type\":\"Organization\",\"@id\":\"https:\/\/www.14u.gr\/en\/#organization\",\"name\":\"1.4.U\\u00ae Official Site\",\"url\":\"https:\/\/www.14u.gr\/en\/\",\"sameAs\":[],\"logo\":{\"@type\":\"ImageObject\",\"@id\":\"https:\/\/www.14u.gr\/en\/#logo\",\"inLanguage\":\"en-US\",\"url\":\"https:\/\/www.14u.gr\/wp-content\/uploads\/2020\/04\/1.4.U-theme-logo.png\",\"width\":150,\"height\":41,\"caption\":\"1.4.U\\u00ae Official Site\"},\"image\":{\"@id\":\"https:\/\/www.14u.gr\/en\/#logo\"}},{\"@type\":\"WebSite\",\"@id\":\"https:\/\/www.14u.gr\/en\/#website\",\"url\":\"https:\/\/www.14u.gr\/en\/\",\"name\":\"14U\",\"description\":\"1.4.U Hellenic, Greek, Fashion, Brand, Handmade, Womens, Mens, Clothes, Accessories, Kids, Home\",\"publisher\":{\"@id\":\"https:\/\/www.14u.gr\/en\/#organization\"},\"potentialAction\":[{\"@type\":\"SearchAction\",\"target\":\"https:\/\/www.14u.gr\/en\/?s={search_term_string}\",\"query-input\":\"required name=search_term_string\"}],\"inLanguage\":\"en-US\"},{\"@type\":\"ImageObject\",\"@id\":\"https:\/\/www.14u.gr\/en\/product\/design-house-stockholm-knot-cushion-pouffe\/#primaryimage\",\"inLanguage\":\"en-US\",\"url\":\"https:\/\/www.14u.gr\/wp-content\/uploads\/2022\/11\/14U-Greek-Brand-Clothes-Accessories-Gifts-Design-House-Stockholm-Knot-Cushion-XL-Pouffe-Yellow-Packshot-1.jpg\",\"width\":784,\"height\":760,\"caption\":\"14U-Greek-Brand-Clothes-Accessories-Gifts-Design-House-Stockholm-Knot-Cushion-XL-Pouffe-Yellow-Packshot\"},{\"@type\":\"WebPage\",\"@id\":\"https:\/\/www.14u.gr\/en\/product\/design-house-stockholm-knot-cushion-pouffe\/#webpage\",\"url\":\"https:\/\/www.14u.gr\/en\/product\/design-house-stockholm-knot-cushion-pouffe\/\",\"name\":\"Design House Stockholm Knot Cushion Pouffe | 14U\",\"isPartOf\":{\"@id\":\"https:\/\/www.14u.gr\/en\/#website\"},\"primaryImageOfPage\":{\"@id\":\"https:\/\/www.14u.gr\/en\/product\/design-house-stockholm-knot-cushion-pouffe\/#primaryimage\"},\"datePublished\":\"2022-11-17T15:20:56+00:00\",\"dateModified\":\"2022-11-18T16:04:45+00:00\",\"description\":\"Knot XL by Ragnheidur Sigursdottir is a fantasy form taking its inspiration in the making of knots, knitting, exploring sculptural forms instead of ordinary patterns.\",\"breadcrumb\":{\"@id\":\"https:\/\/www.14u.gr\/en\/product\/design-house-stockholm-knot-cushion-pouffe\/#breadcrumb\"},\"inLanguage\":\"en-US\",\"potentialAction\":[{\"@type\":\"ReadAction\",\"target\":[\"https:\/\/www.14u.gr\/en\/product\/design-house-stockholm-knot-cushion-pouffe\/\"]}]},{\"@type\":\"BreadcrumbList\",\"@id\":\"https:\/\/www.14u.gr\/en\/product\/design-house-stockholm-knot-cushion-pouffe\/#breadcrumb\",\"itemListElement\":[{\"@type\":\"ListItem\",\"position\":1,\"item\":{\"@type\":\"WebPage\",\"@id\":\"https:\/\/www.14u.gr\/en\/\",\"url\":\"https:\/\/www.14u.gr\/en\/\",\"name\":\"Home\"}},{\"@type\":\"ListItem\",\"position\":2,\"item\":{\"@type\":\"WebPage\",\"@id\":\"https:\/\/www.14u.gr\/%ce%ba%ce%b1%cf%84%ce%ac%cf%83%cf%84%ce%b7%ce%bc%ce%b1\/\",\"url\":\"https:\/\/www.14u.gr\/%ce%ba%ce%b1%cf%84%ce%ac%cf%83%cf%84%ce%b7%ce%bc%ce%b1\/\",\"name\":\"\\u039a\\u03b1\\u03c4\\u03ac\\u03c3\\u03c4\\u03b7\\u03bc\\u03b1\"}},{\"@type\":\"ListItem\",\"position\":3,\"item\":{\"@type\":\"WebPage\",\"@id\":\"https:\/\/www.14u.gr\/en\/product\/design-house-stockholm-knot-cushion-pouffe\/\",\"url\":\"https:\/\/www.14u.gr\/en\/product\/design-house-stockholm-knot-cushion-pouffe\/\",\"name\":\"Design House Stockholm Knot Cushion Pouffe\"}}]}]}<\/script>\n<!-- \/ Yoast SEO Premium plugin. -->","_links":{"self":[{"href":"https:\/\/www.14u.gr\/en\/wp-json\/wp\/v2\/product\/15504","targetHints":{"allow":["GET"]}}],"collection":[{"href":"https:\/\/www.14u.gr\/en\/wp-json\/wp\/v2\/product"}],"about":[{"href":"https:\/\/www.14u.gr\/en\/wp-json\/wp\/v2\/types\/product"}],"replies":[{"embeddable":true,"href":"https:\/\/www.14u.gr\/en\/wp-json\/wp\/v2\/comments?post=15504"}],"wp:featuredmedia":[{"embeddable":true,"href":"https:\/\/www.14u.gr\/en\/wp-json\/wp\/v2\/media\/15524"}],"wp:attachment":[{"href":"https:\/\/www.14u.gr\/en\/wp-json\/wp\/v2\/media?parent=15504"}],"wp:term":[{"taxonomy":"product_cat","embeddable":true,"href":"https:\/\/www.14u.gr\/en\/wp-json\/wp\/v2\/product_cat?post=15504"},{"taxonomy":"product_tag","embeddable":true,"href":"https:\/\/www.14u.gr\/en\/wp-json\/wp\/v2\/product_tag?post=15504"}],"curies":[{"name":"wp","href":"https:\/\/api.w.org\/{rel}","templated":true}]}}